{"id":10167,"date":"2024-10-19T13:25:16","date_gmt":"2024-10-19T13:25:16","guid":{"rendered":"https:\/\/teknikkalipplastik.com\/?page_id=10167"},"modified":"2025-05-24T10:30:32","modified_gmt":"2025-05-24T10:30:32","slug":"urun-anasayfa","status":"publish","type":"page","link":"https:\/\/teknikkalipplastik.com\/tr_tr\/urun-anasayfa\/","title":{"rendered":"\u00dcr\u00fcn Anasayfa"},"content":{"rendered":"\t\t<div data-elementor-type=\"wp-page\" data-elementor-id=\"10167\" class=\"elementor elementor-10167\">\n\t\t\t\t        <section class=\"elementor-section elementor-top-section elementor-element elementor-element-26c1964 elementor-hidden-desktop elementor-hidden-tablet elementor-hidden-mobile elementor-section-boxed elementor-section-height-default elementor-section-height-default ct-header-fixed-none ct-column-none ct-row-scroll-none ct-row-gradient--none\" data-id=\"26c1964\" data-element_type=\"section\">\n            \n                        <div class=\"elementor-container elementor-column-gap-extended \">\n                    <div class=\"elementor-column elementor-col-100 elementor-top-column elementor-element elementor-element-cf72169 ct-column-none col-offset-none col-color-offset-none\" data-id=\"cf72169\" data-element_type=\"column\">\n        <div class=\"elementor-widget-wrap elementor-element-populated\">\n                    \n                <section class=\"elementor-section elementor-inner-section elementor-element elementor-element-967e14d elementor-section-boxed elementor-section-height-default elementor-section-height-default ct-header-fixed-none ct-column-none ct-row-scroll-none ct-row-gradient--none\" data-id=\"967e14d\" data-element_type=\"section\">\n            \n                        <div class=\"elementor-container elementor-column-gap-extended \">\n                    <div class=\"elementor-column elementor-col-33 elementor-inner-column elementor-element elementor-element-b810881 ct-column-none col-offset-none col-color-offset-none\" data-id=\"b810881\" data-element_type=\"column\">\n        <div class=\"elementor-widget-wrap elementor-element-populated\">\n                    \n        \t\t<div class=\"elementor-element elementor-element-925f5b7 elementor-widget elementor-widget-ct_fancy_box\" data-id=\"925f5b7\" data-element_type=\"widget\" data-widget_type=\"ct_fancy_box.default\">\n\t\t\t\t<div class=\"elementor-widget-container\">\n\t\t\t\t\t<div id=\"ct_fancy_box-925f5b7\" class=\"ct-fancy-box ct-fancy-box-layout7 style2 wow fadeInUp\" data-wow-delay=\"ms\">\n    <div class=\"item--inner\">\n                            <div class=\"item--icon\">\n                <img fetchpriority=\"high\" decoding=\"async\" width=\"500\" height=\"500\" src=\"https:\/\/teknikkalipplastik.com\/wp-content\/uploads\/2024\/10\/Adsiz-tasarim-3.jpg\" class=\"attachment-full\" alt=\"\" srcset=\"https:\/\/teknikkalipplastik.com\/wp-content\/uploads\/2024\/10\/Adsiz-tasarim-3.jpg 500w, https:\/\/teknikkalipplastik.com\/wp-content\/uploads\/2024\/10\/Adsiz-tasarim-3-300x300.jpg 300w, https:\/\/teknikkalipplastik.com\/wp-content\/uploads\/2024\/10\/Adsiz-tasarim-3-150x150.jpg 150w, https:\/\/teknikkalipplastik.com\/wp-content\/uploads\/2024\/10\/Adsiz-tasarim-3-90x90.jpg 90w, https:\/\/teknikkalipplastik.com\/wp-content\/uploads\/2024\/10\/Adsiz-tasarim-3-96x96.jpg 96w, https:\/\/teknikkalipplastik.com\/wp-content\/uploads\/2024\/10\/Adsiz-tasarim-3-460x460.jpg 460w\" sizes=\"(max-width: 500px) 100vw, 500px\" \/>            <\/div>\n                <h4 class=\"item--title\">\n            Dudak  \u00dcr\u00fcnleri        <\/h4>\n        <div class=\"item--description\"><\/div>\n                    <div class=\"item--button\">\n                <a href=\"https:\/\/teknikkalipplastik.com\/product-category\/lips\/\" >\u00dcr\u00fcnler i\u00e7in T\u0131klay\u0131n\u0131z                    <i class=\"more-icon-main flaticon-arrow-point-to-right\"><\/i>\n                    <i class=\"more-icon-hover flaticon-next\"><\/i>\n                <\/a>\n            <\/div>\n            <\/div>\n<\/div>\t\t\t\t<\/div>\n\t\t\t\t<\/div>\n\t\t            <\/div>\n        <\/div>\n                <div class=\"elementor-column elementor-col-33 elementor-inner-column elementor-element elementor-element-5102e0f ct-column-none col-offset-none col-color-offset-none\" data-id=\"5102e0f\" data-element_type=\"column\">\n        <div class=\"elementor-widget-wrap elementor-element-populated\">\n                    \n        \t\t<div class=\"elementor-element elementor-element-4355fd0 elementor-widget elementor-widget-ct_fancy_box\" data-id=\"4355fd0\" data-element_type=\"widget\" data-widget_type=\"ct_fancy_box.default\">\n\t\t\t\t<div class=\"elementor-widget-container\">\n\t\t\t\t\t<div id=\"ct_fancy_box-4355fd0\" class=\"ct-fancy-box ct-fancy-box-layout7 style2 wow fadeInUp\" data-wow-delay=\"ms\">\n    <div class=\"item--inner\">\n                            <div class=\"item--icon\">\n                <img decoding=\"async\" width=\"500\" height=\"500\" src=\"https:\/\/teknikkalipplastik.com\/wp-content\/uploads\/2024\/10\/Adsiz-tasarim-2.jpg\" class=\"attachment-full\" alt=\"\" srcset=\"https:\/\/teknikkalipplastik.com\/wp-content\/uploads\/2024\/10\/Adsiz-tasarim-2.jpg 500w, https:\/\/teknikkalipplastik.com\/wp-content\/uploads\/2024\/10\/Adsiz-tasarim-2-300x300.jpg 300w, https:\/\/teknikkalipplastik.com\/wp-content\/uploads\/2024\/10\/Adsiz-tasarim-2-150x150.jpg 150w, https:\/\/teknikkalipplastik.com\/wp-content\/uploads\/2024\/10\/Adsiz-tasarim-2-90x90.jpg 90w, https:\/\/teknikkalipplastik.com\/wp-content\/uploads\/2024\/10\/Adsiz-tasarim-2-96x96.jpg 96w, https:\/\/teknikkalipplastik.com\/wp-content\/uploads\/2024\/10\/Adsiz-tasarim-2-460x460.jpg 460w\" sizes=\"(max-width: 500px) 100vw, 500px\" \/>            <\/div>\n                <h4 class=\"item--title\">\n            G\u00f6z \u00dcr\u00fcnleri        <\/h4>\n        <div class=\"item--description\"> <\/div>\n                    <div class=\"item--button\">\n                <a href=\"https:\/\/teknikkalipplastik.com\/product-category\/eyes\/\" >\u00dcr\u00fcnler i\u00e7in T\u0131klay\u0131n\u0131z                    <i class=\"more-icon-main flaticon-arrow-point-to-right\"><\/i>\n                    <i class=\"more-icon-hover flaticon-next\"><\/i>\n                <\/a>\n            <\/div>\n            <\/div>\n<\/div>\t\t\t\t<\/div>\n\t\t\t\t<\/div>\n\t\t            <\/div>\n        <\/div>\n                <div class=\"elementor-column elementor-col-33 elementor-inner-column elementor-element elementor-element-c87d99b ct-column-none col-offset-none col-color-offset-none\" data-id=\"c87d99b\" data-element_type=\"column\">\n        <div class=\"elementor-widget-wrap elementor-element-populated\">\n                    \n        \t\t<div class=\"elementor-element elementor-element-f6fd7cf elementor-widget-tablet__width-initial ct-sm-100 elementor-widget elementor-widget-ct_fancy_box\" data-id=\"f6fd7cf\" data-element_type=\"widget\" data-widget_type=\"ct_fancy_box.default\">\n\t\t\t\t<div class=\"elementor-widget-container\">\n\t\t\t\t\t<div id=\"ct_fancy_box-f6fd7cf\" class=\"ct-fancy-box ct-fancy-box-layout7 style2 wow fadeInUp\" data-wow-delay=\"80ms\">\n    <div class=\"item--inner\">\n                            <div class=\"item--icon\">\n                <img decoding=\"async\" width=\"500\" height=\"500\" src=\"https:\/\/teknikkalipplastik.com\/wp-content\/uploads\/2024\/10\/Katman-1.jpg\" class=\"attachment-full\" alt=\"\" srcset=\"https:\/\/teknikkalipplastik.com\/wp-content\/uploads\/2024\/10\/Katman-1.jpg 500w, https:\/\/teknikkalipplastik.com\/wp-content\/uploads\/2024\/10\/Katman-1-300x300.jpg 300w, https:\/\/teknikkalipplastik.com\/wp-content\/uploads\/2024\/10\/Katman-1-150x150.jpg 150w, https:\/\/teknikkalipplastik.com\/wp-content\/uploads\/2024\/10\/Katman-1-90x90.jpg 90w, https:\/\/teknikkalipplastik.com\/wp-content\/uploads\/2024\/10\/Katman-1-96x96.jpg 96w, https:\/\/teknikkalipplastik.com\/wp-content\/uploads\/2024\/10\/Katman-1-460x460.jpg 460w\" sizes=\"(max-width: 500px) 100vw, 500px\" \/>            <\/div>\n                <h4 class=\"item--title\">\n            Y\u00fcz  \u00dcr\u00fcnleri        <\/h4>\n        <div class=\"item--description\"><\/div>\n                    <div class=\"item--button\">\n                <a href=\"https:\/\/teknikkalipplastik.com\/product-category\/faces\/\" >\u00dcr\u00fcnler i\u00e7in T\u0131klay\u0131n\u0131z                    <i class=\"more-icon-main flaticon-arrow-point-to-right\"><\/i>\n                    <i class=\"more-icon-hover flaticon-next\"><\/i>\n                <\/a>\n            <\/div>\n            <\/div>\n<\/div>\t\t\t\t<\/div>\n\t\t\t\t<\/div>\n\t\t            <\/div>\n        <\/div>\n                    <\/div>\n        <\/section>\n                    <\/div>\n        <\/div>\n                    <\/div>\n        <\/section>\n                <section class=\"elementor-section elementor-top-section elementor-element elementor-element-b5aa92b elementor-section-boxed elementor-section-height-default elementor-section-height-default ct-header-fixed-none ct-column-none ct-row-scroll-none ct-row-gradient--none\" data-id=\"b5aa92b\" data-element_type=\"section\">\n            \n                        <div class=\"elementor-container elementor-column-gap-extended \">\n                    <div class=\"elementor-column elementor-col-100 elementor-top-column elementor-element elementor-element-c03e8f1 ct-column-none col-offset-none col-color-offset-none\" data-id=\"c03e8f1\" data-element_type=\"column\">\n        <div class=\"elementor-widget-wrap elementor-element-populated\">\n                    \n                <section class=\"elementor-section elementor-inner-section elementor-element elementor-element-fdb9fb1 elementor-section-boxed elementor-section-height-default elementor-section-height-default ct-header-fixed-none ct-column-none ct-row-scroll-none ct-row-gradient--none\" data-id=\"fdb9fb1\" data-element_type=\"section\">\n            \n                        <div class=\"elementor-container elementor-column-gap-extended \">\n                    <div class=\"elementor-column elementor-col-33 elementor-inner-column elementor-element elementor-element-9737295 ct-column-none col-offset-none col-color-offset-none\" data-id=\"9737295\" data-element_type=\"column\" data-settings=\"{&quot;background_background&quot;:&quot;classic&quot;}\">\n        <div class=\"elementor-widget-wrap elementor-element-populated\">\n                    \n        \t\t<div class=\"elementor-element elementor-element-d5ed7cb elementor-widget elementor-widget-image\" data-id=\"d5ed7cb\" data-element_type=\"widget\" data-widget_type=\"image.default\">\n\t\t\t\t<div class=\"elementor-widget-container\">\n\t\t\t\t\t\t\t\t\t\t\t\t\t\t\t\t<a href=\"https:\/\/teknikkalipplastik.com\/product-category\/lips\/\">\n\t\t\t\t\t\t\t<img loading=\"lazy\" decoding=\"async\" width=\"500\" height=\"500\" src=\"https:\/\/teknikkalipplastik.com\/wp-content\/uploads\/2024\/10\/Adsiz-tasarim-3.jpg\" class=\"attachment-large size-large wp-image-10277\" alt=\"\" srcset=\"https:\/\/teknikkalipplastik.com\/wp-content\/uploads\/2024\/10\/Adsiz-tasarim-3.jpg 500w, https:\/\/teknikkalipplastik.com\/wp-content\/uploads\/2024\/10\/Adsiz-tasarim-3-300x300.jpg 300w, https:\/\/teknikkalipplastik.com\/wp-content\/uploads\/2024\/10\/Adsiz-tasarim-3-150x150.jpg 150w, https:\/\/teknikkalipplastik.com\/wp-content\/uploads\/2024\/10\/Adsiz-tasarim-3-90x90.jpg 90w, https:\/\/teknikkalipplastik.com\/wp-content\/uploads\/2024\/10\/Adsiz-tasarim-3-96x96.jpg 96w, https:\/\/teknikkalipplastik.com\/wp-content\/uploads\/2024\/10\/Adsiz-tasarim-3-460x460.jpg 460w\" sizes=\"(max-width: 500px) 100vw, 500px\" \/>\t\t\t\t\t\t\t\t<\/a>\n\t\t\t\t\t\t\t\t\t\t\t\t\t\t\t<\/div>\n\t\t\t\t<\/div>\n\t\t\t\t<div class=\"elementor-element elementor-element-6d5448e elementor-widget elementor-widget-heading\" data-id=\"6d5448e\" data-element_type=\"widget\" data-widget_type=\"heading.default\">\n\t\t\t\t<div class=\"elementor-widget-container\">\n\t\t\t\t\t<h2 class=\"elementor-heading-title elementor-size-default\"><a href=\"https:\/\/teknikkalipplastik.com\/product-category\/lips\/\">Dudak \u00dcr\u00fcnleri<\/a><\/h2>\t\t\t\t<\/div>\n\t\t\t\t<\/div>\n\t\t\t\t<div class=\"elementor-element elementor-element-c8b29f8 elementor-widget elementor-widget-heading\" data-id=\"c8b29f8\" data-element_type=\"widget\" data-widget_type=\"heading.default\">\n\t\t\t\t<div class=\"elementor-widget-container\">\n\t\t\t\t\t<h3 class=\"elementor-heading-title elementor-size-default\"><a href=\"https:\/\/teknikkalipplastik.com\/product-category\/lips\/\">\u00dcr\u00fcnler i\u00e7in T\u0131klay\u0131n\u0131z ><\/a><\/h3>\t\t\t\t<\/div>\n\t\t\t\t<\/div>\n\t\t            <\/div>\n        <\/div>\n                <div class=\"elementor-column elementor-col-33 elementor-inner-column elementor-element elementor-element-a3ee06f ct-column-none col-offset-none col-color-offset-none\" data-id=\"a3ee06f\" data-element_type=\"column\" data-settings=\"{&quot;background_background&quot;:&quot;classic&quot;}\">\n        <div class=\"elementor-widget-wrap elementor-element-populated\">\n                    \n        \t\t<div class=\"elementor-element elementor-element-bb5a3ae elementor-widget elementor-widget-image\" data-id=\"bb5a3ae\" data-element_type=\"widget\" data-widget_type=\"image.default\">\n\t\t\t\t<div class=\"elementor-widget-container\">\n\t\t\t\t\t\t\t\t\t\t\t\t\t\t\t\t<a href=\"https:\/\/teknikkalipplastik.com\/product-category\/eyes\/\">\n\t\t\t\t\t\t\t<img loading=\"lazy\" decoding=\"async\" width=\"500\" height=\"500\" src=\"https:\/\/teknikkalipplastik.com\/wp-content\/uploads\/2024\/10\/Adsiz-tasarim-2.jpg\" class=\"attachment-large size-large wp-image-10276\" alt=\"\" srcset=\"https:\/\/teknikkalipplastik.com\/wp-content\/uploads\/2024\/10\/Adsiz-tasarim-2.jpg 500w, https:\/\/teknikkalipplastik.com\/wp-content\/uploads\/2024\/10\/Adsiz-tasarim-2-300x300.jpg 300w, https:\/\/teknikkalipplastik.com\/wp-content\/uploads\/2024\/10\/Adsiz-tasarim-2-150x150.jpg 150w, https:\/\/teknikkalipplastik.com\/wp-content\/uploads\/2024\/10\/Adsiz-tasarim-2-90x90.jpg 90w, https:\/\/teknikkalipplastik.com\/wp-content\/uploads\/2024\/10\/Adsiz-tasarim-2-96x96.jpg 96w, https:\/\/teknikkalipplastik.com\/wp-content\/uploads\/2024\/10\/Adsiz-tasarim-2-460x460.jpg 460w\" sizes=\"(max-width: 500px) 100vw, 500px\" \/>\t\t\t\t\t\t\t\t<\/a>\n\t\t\t\t\t\t\t\t\t\t\t\t\t\t\t<\/div>\n\t\t\t\t<\/div>\n\t\t\t\t<div class=\"elementor-element elementor-element-a375077 elementor-widget elementor-widget-heading\" data-id=\"a375077\" data-element_type=\"widget\" data-widget_type=\"heading.default\">\n\t\t\t\t<div class=\"elementor-widget-container\">\n\t\t\t\t\t<h2 class=\"elementor-heading-title elementor-size-default\"><a href=\"https:\/\/teknikkalipplastik.com\/product-category\/eyes\/\">G\u00f6z \u00dcr\u00fcnleri<\/a><\/h2>\t\t\t\t<\/div>\n\t\t\t\t<\/div>\n\t\t\t\t<div class=\"elementor-element elementor-element-3a23d04 elementor-widget elementor-widget-heading\" data-id=\"3a23d04\" data-element_type=\"widget\" data-widget_type=\"heading.default\">\n\t\t\t\t<div class=\"elementor-widget-container\">\n\t\t\t\t\t<h3 class=\"elementor-heading-title elementor-size-default\"><a href=\"https:\/\/teknikkalipplastik.com\/product-category\/eyes\/\">\u00dcr\u00fcnler i\u00e7in T\u0131klay\u0131n\u0131z ><\/a><\/h3>\t\t\t\t<\/div>\n\t\t\t\t<\/div>\n\t\t            <\/div>\n        <\/div>\n                <div class=\"elementor-column elementor-col-33 elementor-inner-column elementor-element elementor-element-cd374db ct-column-none col-offset-none col-color-offset-none\" data-id=\"cd374db\" data-element_type=\"column\" data-settings=\"{&quot;background_background&quot;:&quot;classic&quot;}\">\n        <div class=\"elementor-widget-wrap elementor-element-populated\">\n                    \n        \t\t<div class=\"elementor-element elementor-element-4b28e03 elementor-widget elementor-widget-image\" data-id=\"4b28e03\" data-element_type=\"widget\" data-widget_type=\"image.default\">\n\t\t\t\t<div class=\"elementor-widget-container\">\n\t\t\t\t\t\t\t\t\t\t\t\t\t\t\t\t<a href=\"https:\/\/teknikkalipplastik.com\/product-category\/faces\/\">\n\t\t\t\t\t\t\t<img loading=\"lazy\" decoding=\"async\" width=\"500\" height=\"500\" src=\"https:\/\/teknikkalipplastik.com\/wp-content\/uploads\/2024\/10\/Katman-1.jpg\" class=\"attachment-large size-large wp-image-10247\" alt=\"\" srcset=\"https:\/\/teknikkalipplastik.com\/wp-content\/uploads\/2024\/10\/Katman-1.jpg 500w, https:\/\/teknikkalipplastik.com\/wp-content\/uploads\/2024\/10\/Katman-1-300x300.jpg 300w, https:\/\/teknikkalipplastik.com\/wp-content\/uploads\/2024\/10\/Katman-1-150x150.jpg 150w, https:\/\/teknikkalipplastik.com\/wp-content\/uploads\/2024\/10\/Katman-1-90x90.jpg 90w, https:\/\/teknikkalipplastik.com\/wp-content\/uploads\/2024\/10\/Katman-1-96x96.jpg 96w, https:\/\/teknikkalipplastik.com\/wp-content\/uploads\/2024\/10\/Katman-1-460x460.jpg 460w\" sizes=\"(max-width: 500px) 100vw, 500px\" \/>\t\t\t\t\t\t\t\t<\/a>\n\t\t\t\t\t\t\t\t\t\t\t\t\t\t\t<\/div>\n\t\t\t\t<\/div>\n\t\t\t\t<div class=\"elementor-element elementor-element-0598a10 elementor-widget elementor-widget-heading\" data-id=\"0598a10\" data-element_type=\"widget\" data-widget_type=\"heading.default\">\n\t\t\t\t<div class=\"elementor-widget-container\">\n\t\t\t\t\t<h2 class=\"elementor-heading-title elementor-size-default\"><a href=\"https:\/\/teknikkalipplastik.com\/product-category\/faces\/\">Y\u00fcz \u00dcr\u00fcnleri<\/a><\/h2>\t\t\t\t<\/div>\n\t\t\t\t<\/div>\n\t\t\t\t<div class=\"elementor-element elementor-element-b7911bf elementor-widget elementor-widget-heading\" data-id=\"b7911bf\" data-element_type=\"widget\" data-widget_type=\"heading.default\">\n\t\t\t\t<div class=\"elementor-widget-container\">\n\t\t\t\t\t<h3 class=\"elementor-heading-title elementor-size-default\"><a href=\"https:\/\/teknikkalipplastik.com\/product-category\/faces\/\">\u00dcr\u00fcnler i\u00e7in T\u0131klay\u0131n\u0131z ><\/a><\/h3>\t\t\t\t<\/div>\n\t\t\t\t<\/div>\n\t\t            <\/div>\n        <\/div>\n                    <\/div>\n        <\/section>\n                    <\/div>\n        <\/div>\n                    <\/div>\n        <\/section>\n        \t\t<\/div>\n\t\t","protected":false},"excerpt":{"rendered":"<p>Dudak \u00dcr\u00fcnleri \u00dcr\u00fcnler i\u00e7in T\u0131klay\u0131n\u0131z G\u00f6z \u00dcr\u00fcnleri \u00dcr\u00fcnler i\u00e7in T\u0131klay\u0131n\u0131z Y\u00fcz \u00dcr\u00fcnleri \u00dcr\u00fcnler i\u00e7in T\u0131klay\u0131n\u0131z Dudak \u00dcr\u00fcnleri \u00dcr\u00fcnler i\u00e7in T\u0131klay\u0131n\u0131z > G\u00f6z \u00dcr\u00fcnleri \u00dcr\u00fcnler i\u00e7in T\u0131klay\u0131n\u0131z > Y\u00fcz \u00dcr\u00fcnleri \u00dcr\u00fcnler i\u00e7in T\u0131klay\u0131n\u0131z ><\/p>\n","protected":false},"author":1,"featured_media":0,"parent":0,"menu_order":0,"comment_status":"closed","ping_status":"closed","template":"","meta":{"footnotes":""},"class_list":["post-10167","page","type-page","status-publish","hentry"],"_links":{"self":[{"href":"https:\/\/teknikkalipplastik.com\/tr_tr\/wp-json\/wp\/v2\/pages\/10167","targetHints":{"allow":["GET"]}}],"collection":[{"href":"https:\/\/teknikkalipplastik.com\/tr_tr\/wp-json\/wp\/v2\/pages"}],"about":[{"href":"https:\/\/teknikkalipplastik.com\/tr_tr\/wp-json\/wp\/v2\/types\/page"}],"author":[{"embeddable":true,"href":"https:\/\/teknikkalipplastik.com\/tr_tr\/wp-json\/wp\/v2\/users\/1"}],"replies":[{"embeddable":true,"href":"https:\/\/teknikkalipplastik.com\/tr_tr\/wp-json\/wp\/v2\/comments?post=10167"}],"version-history":[{"count":58,"href":"https:\/\/teknikkalipplastik.com\/tr_tr\/wp-json\/wp\/v2\/pages\/10167\/revisions"}],"predecessor-version":[{"id":10465,"href":"https:\/\/teknikkalipplastik.com\/tr_tr\/wp-json\/wp\/v2\/pages\/10167\/revisions\/10465"}],"wp:attachment":[{"href":"https:\/\/teknikkalipplastik.com\/tr_tr\/wp-json\/wp\/v2\/media?parent=10167"}],"curies":[{"name":"wp","href":"https:\/\/api.w.org\/{rel}","templated":true}]}}